{"id":11,"date":"2025-12-20T23:44:53","date_gmt":"2025-12-20T23:44:53","guid":{"rendered":"https:\/\/shop.los2pcs.com\/?page_id=11"},"modified":"2025-12-20T23:50:46","modified_gmt":"2025-12-20T23:50:46","slug":"refund_returns","status":"publish","type":"page","link":"https:\/\/shop.los2pcs.com\/index.php\/refund_returns\/","title":{"rendered":"Pol\u00edtica de devoluciones y reembolsos"},"content":{"rendered":"\n<h2 class=\"wp-block-heading\"><strong>\u26a0\ufe0f AVISO IMPORTANTE (EJERCICIO ACAD\u00c9MICO)<\/strong><\/h2>\n\n\n\n<p><strong>Este sitio web ha sido creado exclusivamente como un ejercicio acad\u00e9mico.<\/strong><\/p>\n\n\n\n<p>Se trata de una <strong>web de demostraci\u00f3n no operativa<\/strong>, por lo que <strong>no se realizan ventas reales<\/strong>, <strong>no se procesan pedidos<\/strong>, <strong>no se efect\u00faan pagos<\/strong> ni <strong>se gestionan devoluciones reales<\/strong>.<\/p>\n\n\n\n<p>El contenido mostrado tiene \u00fanicamente fines educativos.<\/p>\n\n\n\n<hr class=\"wp-block-separator has-alpha-channel-opacity\"\/>\n\n\n\n<h1 class=\"wp-block-heading\"><strong>Pol\u00edtica de devoluciones y reembolsos<\/strong><\/h1>\n\n\n\n<h2 class=\"wp-block-heading\"><strong>Visi\u00f3n general<\/strong><\/h2>\n\n\n\n<p>Nuestra pol\u00edtica de devoluciones y reembolsos tiene una duraci\u00f3n de <strong>30 d\u00edas<\/strong>.<\/p>\n\n\n\n<p>Si han pasado 30 d\u00edas desde la compra, no podremos ofrecer un reembolso completo ni un cambio.<\/p>\n\n\n\n<p>Para que un producto sea elegible para devoluci\u00f3n, debe estar <strong>sin usar<\/strong>, en <strong>las mismas condiciones en las que fue recibido<\/strong> y en su <strong>embalaje original<\/strong>.<\/p>\n\n\n\n<hr class=\"wp-block-separator has-alpha-channel-opacity\"\/>\n\n\n\n<h2 class=\"wp-block-heading\"><strong>Productos no elegibles para devoluci\u00f3n<\/strong><\/h2>\n\n\n\n<p>Existen determinados productos que <strong>no admiten devoluci\u00f3n<\/strong>, entre ellos:<\/p>\n\n\n\n<ul class=\"wp-block-list\">\n<li>Productos perecederos como alimentos, flores, peri\u00f3dicos o revistas.<\/li>\n\n\n\n<li>Productos de higiene \u00edntima o sanitaria.<\/li>\n\n\n\n<li>Materiales peligrosos.<\/li>\n\n\n\n<li>L\u00edquidos o gases inflamables.<\/li>\n<\/ul>\n\n\n\n<p>Adem\u00e1s, no se aceptan devoluciones de:<\/p>\n\n\n\n<ul class=\"wp-block-list\">\n<li>Tarjetas regalo.<\/li>\n\n\n\n<li>Productos de software descargable.<\/li>\n\n\n\n<li>Algunos art\u00edculos de salud y cuidado personal.<\/li>\n<\/ul>\n\n\n\n<hr class=\"wp-block-separator has-alpha-channel-opacity\"\/>\n\n\n\n<h2 class=\"wp-block-heading\"><strong>Requisitos para completar una devoluci\u00f3n<\/strong><\/h2>\n\n\n\n<p>Para tramitar una devoluci\u00f3n es imprescindible presentar el <strong>recibo o comprobante de compra<\/strong>.<\/p>\n\n\n\n<p>\u26a0\ufe0f <strong>No env\u00edes el producto directamente al fabricante.<\/strong><\/p>\n\n\n\n<hr class=\"wp-block-separator has-alpha-channel-opacity\"\/>\n\n\n\n<h2 class=\"wp-block-heading\"><strong>Devoluciones con reembolso parcial<\/strong><\/h2>\n\n\n\n<p>En determinadas situaciones solo se conceder\u00e1n <strong>reembolsos parciales<\/strong>, como por ejemplo:<\/p>\n\n\n\n<ul class=\"wp-block-list\">\n<li>Libros con signos evidentes de uso.<\/li>\n\n\n\n<li>CDs, DVDs, cintas VHS, software, videojuegos, casetes o discos de vinilo que hayan sido abiertos.<\/li>\n\n\n\n<li>Art\u00edculos que no se encuentren en su estado original, est\u00e9n da\u00f1ados o incompletos por causas ajenas a nuestro error.<\/li>\n\n\n\n<li>Productos devueltos <strong>m\u00e1s de 30 d\u00edas despu\u00e9s de la entrega<\/strong>.<\/li>\n<\/ul>\n\n\n\n<hr class=\"wp-block-separator has-alpha-channel-opacity\"\/>\n\n\n\n<h2 class=\"wp-block-heading\"><strong>Reembolsos<\/strong><\/h2>\n\n\n\n<p>Una vez recibida e inspeccionada la devoluci\u00f3n, te enviaremos un correo electr\u00f3nico confirmando la recepci\u00f3n del producto y notific\u00e1ndote si el reembolso ha sido <strong>aprobado o rechazado<\/strong>.<\/p>\n\n\n\n<p>Si el reembolso es aprobado, este se procesar\u00e1 autom\u00e1ticamente y el importe ser\u00e1 devuelto al <strong>m\u00e9todo de pago original<\/strong> en un plazo de varios d\u00edas, dependiendo de la entidad bancaria.<\/p>\n\n\n\n<hr class=\"wp-block-separator has-alpha-channel-opacity\"\/>\n\n\n\n<h2 class=\"wp-block-heading\"><strong>Reembolsos tard\u00edos o no recibidos<\/strong><\/h2>\n\n\n\n<p>Si a\u00fan no has recibido tu reembolso:<\/p>\n\n\n\n<ol start=\"1\" class=\"wp-block-list\">\n<li>Comprueba de nuevo tu cuenta bancaria.<\/li>\n\n\n\n<li>Contacta con la entidad emisora de tu tarjeta de cr\u00e9dito, ya que el procesamiento puede tardar algunos d\u00edas.<\/li>\n\n\n\n<li>Contacta con tu banco, ya que puede existir un tiempo de gesti\u00f3n adicional.<\/li>\n<\/ol>\n\n\n\n<p>Si tras realizar estas comprobaciones sigues sin recibir el reembolso, contacta con nosotros en:<\/p>\n\n\n\n<p>\ud83d\udce7 <strong>{email}<\/strong><\/p>\n\n\n\n<hr class=\"wp-block-separator has-alpha-channel-opacity\"\/>\n\n\n\n<h2 class=\"wp-block-heading\"><strong>Art\u00edculos en oferta<\/strong><\/h2>\n\n\n\n<p>Solo se reembolsar\u00e1n los productos con <strong>precio normal<\/strong>.<\/p>\n\n\n\n<p>Los productos adquiridos en <strong>oferta o promoci\u00f3n no admiten reembolso<\/strong>.<\/p>\n\n\n\n<hr class=\"wp-block-separator has-alpha-channel-opacity\"\/>\n\n\n\n<h2 class=\"wp-block-heading\"><strong>Cambios<\/strong><\/h2>\n\n\n\n<p>Solo reemplazamos productos que est\u00e9n <strong>defectuosos o da\u00f1ados<\/strong>.<\/p>\n\n\n\n<p>Si necesitas cambiar un producto por el mismo art\u00edculo, escr\u00edbenos a <strong>{email}<\/strong> y env\u00eda el producto a:<\/p>\n\n\n\n<p>\ud83d\udccd <strong>{direcci\u00f3n f\u00edsica}<\/strong><\/p>\n\n\n\n<hr class=\"wp-block-separator has-alpha-channel-opacity\"\/>\n\n\n\n<h2 class=\"wp-block-heading\"><strong>Regalos<\/strong><\/h2>\n\n\n\n<ul class=\"wp-block-list\">\n<li>Si el producto fue marcado como regalo y enviado directamente al destinatario, se emitir\u00e1 un <strong>vale regalo<\/strong> por el valor del art\u00edculo devuelto.<\/li>\n\n\n\n<li>Si el producto no fue marcado como regalo o el pedido se envi\u00f3 al comprador original, el reembolso se realizar\u00e1 al <strong>comprador inicial<\/strong>.<\/li>\n<\/ul>\n\n\n\n<hr class=\"wp-block-separator has-alpha-channel-opacity\"\/>\n\n\n\n<h2 class=\"wp-block-heading\"><strong>Env\u00edos de devoluciones<\/strong><\/h2>\n\n\n\n<p>Para devolver un producto, deber\u00e1s enviarlo a:<\/p>\n\n\n\n<p>\ud83d\udccd <strong>{direcci\u00f3n f\u00edsica}<\/strong><\/p>\n\n\n\n<p>Los <strong>gastos de env\u00edo de la devoluci\u00f3n corren a cargo del cliente<\/strong> y no son reembolsables.<\/p>\n\n\n\n<p>Si se concede un reembolso, el coste del env\u00edo de la devoluci\u00f3n se descontar\u00e1 del importe total.<\/p>\n\n\n\n<p>El tiempo de entrega de los cambios puede variar en funci\u00f3n de la ubicaci\u00f3n del cliente.<\/p>\n\n\n\n<p>Para art\u00edculos de mayor valor, se recomienda utilizar un servicio de env\u00edo con seguimiento o contratar un seguro de transporte, ya que <strong>no garantizamos la recepci\u00f3n del art\u00edculo devuelto<\/strong>.<\/p>\n\n\n\n<hr class=\"wp-block-separator has-alpha-channel-opacity\"\/>\n\n\n\n<h2 class=\"wp-block-heading\"><strong>\u00bfNecesitas ayuda?<\/strong><\/h2>\n\n\n\n<p>Si tienes cualquier duda relacionada con devoluciones o reembolsos, puedes contactarnos en:<\/p>\n\n\n\n<p>\ud83d\udce7 <strong>{email}<\/strong><\/p>\n\n\n\n<hr class=\"wp-block-separator has-alpha-channel-opacity\"\/>\n\n\n\n<h2 class=\"wp-block-heading\"><strong>\u26a0\ufe0f NOTA FINAL<\/strong><\/h2>\n\n\n\n<p><strong>Esta pol\u00edtica forma parte de un ejercicio acad\u00e9mico y no tiene validez legal.<\/strong><\/p>\n\n\n\n<p>El sitio web es <strong>meramente demostrativo<\/strong>, no se realizan transacciones reales ni se presta servicio comercial alguno.<\/p>\n\n\n\n<p><b>This is a sample page.<\/b><\/p>\n\n\n\n<p><\/p>\n","protected":false},"excerpt":{"rendered":"<p>\u26a0\ufe0f AVISO IMPORTANTE (EJERCICIO ACAD\u00c9MICO) Este sitio web ha sido creado exclusivamente como un ejercicio acad\u00e9mico. Se trata de una web de demostraci\u00f3n no operativa, por lo que no se realizan ventas reales, no se procesan pedidos, no se efect\u00faan pagos ni se gestionan devoluciones reales. El contenido mostrado tiene \u00fanicamente fines educativos. Pol\u00edtica de [&hellip;]<\/p>\n","protected":false},"author":1,"featured_media":0,"parent":0,"menu_order":0,"comment_status":"closed","ping_status":"closed","template":"","meta":{"saved_in_kubio":false,"footnotes":""},"class_list":["post-11","page","type-page","status-publish","hentry"],"kubio_ai_page_context":{"short_desc":"","purpose":"general"},"jetpack_sharing_enabled":true,"_links":{"self":[{"href":"https:\/\/shop.los2pcs.com\/index.php\/wp-json\/wp\/v2\/pages\/11","targetHints":{"allow":["GET"]}}],"collection":[{"href":"https:\/\/shop.los2pcs.com\/index.php\/wp-json\/wp\/v2\/pages"}],"about":[{"href":"https:\/\/shop.los2pcs.com\/index.php\/wp-json\/wp\/v2\/types\/page"}],"author":[{"embeddable":true,"href":"https:\/\/shop.los2pcs.com\/index.php\/wp-json\/wp\/v2\/users\/1"}],"replies":[{"embeddable":true,"href":"https:\/\/shop.los2pcs.com\/index.php\/wp-json\/wp\/v2\/comments?post=11"}],"version-history":[{"count":2,"href":"https:\/\/shop.los2pcs.com\/index.php\/wp-json\/wp\/v2\/pages\/11\/revisions"}],"predecessor-version":[{"id":215,"href":"https:\/\/shop.los2pcs.com\/index.php\/wp-json\/wp\/v2\/pages\/11\/revisions\/215"}],"wp:attachment":[{"href":"https:\/\/shop.los2pcs.com\/index.php\/wp-json\/wp\/v2\/media?parent=11"}],"curies":[{"name":"wp","href":"https:\/\/api.w.org\/{rel}","templated":true}]}}