{"id":224,"date":"2025-12-22T22:40:30","date_gmt":"2025-12-22T22:40:30","guid":{"rendered":"https:\/\/shop.los2pcs.com\/?page_id=224"},"modified":"2025-12-22T22:53:12","modified_gmt":"2025-12-22T22:53:12","slug":"quienes-somos","status":"publish","type":"page","link":"https:\/\/shop.los2pcs.com\/index.php\/quienes-somos\/","title":{"rendered":"Quienes somos"},"content":{"rendered":"\n<div style=\"position: relative; padding-top: 56.25%;\"><iframe loading=\"lazy\" title=\"Mussara24h_2025\" width=\"100%\" height=\"100%\" src=\"https:\/\/peertube.los2pcs.com\/videos\/embed\/7ba155e2-0c25-4fcc-98fe-1b983c537723?autoplay=1\" frameborder=\"0\" allowfullscreen=\"\" sandbox=\"allow-same-origin allow-scripts allow-popups\" style=\"position: absolute; inset: 0px;\"><\/iframe><\/div>\n\n\n\n<p><\/p>\n\n\n\n<h1 class=\"wp-block-heading\">Tienda de Deportes Online de Ciclismo<\/h1>\n\n\n\n<p>Bienvenido a nuestra tienda de deportes online, especializada en ciclismo. Aqu\u00ed encontrar\u00e1s una amplia variedad de productos y accesorios para que disfrutes de cada paseo en bicicleta. Desde bicicletas de monta\u00f1a hasta ropa deportiva, tenemos todo lo que necesitas para tu aventura sobre dos ruedas.<\/p>\n\n\n\n<h2 class=\"wp-block-heading\">Productos Destacados<\/h2>\n\n\n\n<h3 class=\"wp-block-heading\">Bicicletas<\/h3>\n\n\n\n<ul class=\"wp-block-list\">\n<li><strong>Bicicletas de monta\u00f1a<\/strong>: Dise\u00f1adas para terrenos dif\u00edciles, con caracter\u00edsticas que garantizan durabilidad y rendimiento.<\/li>\n\n\n\n<li><strong>Bicicletas de carretera<\/strong>: Ligeras y aerodin\u00e1micas, perfectas para largas distancias y velocidad.<\/li>\n<\/ul>\n\n\n\n<h3 class=\"wp-block-heading\">Accesorios<\/h3>\n\n\n\n<ul class=\"wp-block-list\">\n<li><strong>Casco de ciclismo<\/strong>: Seguridad ante todo, con dise\u00f1os c\u00f3modos y modernos.<\/li>\n\n\n\n<li><strong>Luces LED<\/strong>: Para que siempre est\u00e9s visible durante tus recorridos nocturnos.<\/li>\n<\/ul>\n\n\n\n<h3 class=\"wp-block-heading\">Ropa Deportiva<\/h3>\n\n\n\n<ul class=\"wp-block-list\">\n<li><strong>Maillots y pantalones cortos<\/strong>: Con tejidos transpirables que te mantienen c\u00f3modo.<\/li>\n\n\n\n<li><strong>Guantes y calcetines<\/strong>: Accesorios esenciales para cualquier ciclista.<\/li>\n<\/ul>\n\n\n\n<h2 class=\"wp-block-heading\">Promociones Especiales<\/h2>\n\n\n\n<p>No te pierdas nuestras ofertas de temporada y env\u00edos gratuitos en compras superiores a cierto monto. Adem\u00e1s, ofrecemos un programa de fidelidad para recompensar a nuestros clientes habituales.<\/p>\n\n\n\n<p><\/p>\n\n\n\n<p>Explora nuestra colecci\u00f3n y comienza a disfrutar de tu pasi\u00f3n por el ciclismo con la mejor calidad y servicio. \u00a1Pedalea con nosotros!<\/p>\n\n\n\n<p><\/p>\n","protected":false},"excerpt":{"rendered":"<p>Tienda de Deportes Online de Ciclismo Bienvenido a nuestra tienda de deportes online, especializada en ciclismo. Aqu\u00ed encontrar\u00e1s una amplia variedad de productos y accesorios para que disfrutes de cada paseo en bicicleta. Desde bicicletas de monta\u00f1a hasta ropa deportiva, tenemos todo lo que necesitas para tu aventura sobre dos ruedas. Productos Destacados Bicicletas Accesorios [&hellip;]<\/p>\n","protected":false},"author":1,"featured_media":90,"parent":0,"menu_order":0,"comment_status":"closed","ping_status":"closed","template":"","meta":{"saved_in_kubio":false,"footnotes":""},"class_list":["post-224","page","type-page","status-publish","has-post-thumbnail","hentry"],"kubio_ai_page_context":{"short_desc":"","purpose":"general"},"jetpack_sharing_enabled":true,"_links":{"self":[{"href":"https:\/\/shop.los2pcs.com\/index.php\/wp-json\/wp\/v2\/pages\/224","targetHints":{"allow":["GET"]}}],"collection":[{"href":"https:\/\/shop.los2pcs.com\/index.php\/wp-json\/wp\/v2\/pages"}],"about":[{"href":"https:\/\/shop.los2pcs.com\/index.php\/wp-json\/wp\/v2\/types\/page"}],"author":[{"embeddable":true,"href":"https:\/\/shop.los2pcs.com\/index.php\/wp-json\/wp\/v2\/users\/1"}],"replies":[{"embeddable":true,"href":"https:\/\/shop.los2pcs.com\/index.php\/wp-json\/wp\/v2\/comments?post=224"}],"version-history":[{"count":11,"href":"https:\/\/shop.los2pcs.com\/index.php\/wp-json\/wp\/v2\/pages\/224\/revisions"}],"predecessor-version":[{"id":238,"href":"https:\/\/shop.los2pcs.com\/index.php\/wp-json\/wp\/v2\/pages\/224\/revisions\/238"}],"wp:featuredmedia":[{"embeddable":true,"href":"https:\/\/shop.los2pcs.com\/index.php\/wp-json\/wp\/v2\/media\/90"}],"wp:attachment":[{"href":"https:\/\/shop.los2pcs.com\/index.php\/wp-json\/wp\/v2\/media?parent=224"}],"curies":[{"name":"wp","href":"https:\/\/api.w.org\/{rel}","templated":true}]}}