{"id":239,"date":"2025-12-22T23:02:31","date_gmt":"2025-12-22T23:02:31","guid":{"rendered":"https:\/\/shop.los2pcs.com\/?page_id=239"},"modified":"2025-12-22T23:23:27","modified_gmt":"2025-12-22T23:23:27","slug":"equipo","status":"publish","type":"page","link":"https:\/\/shop.los2pcs.com\/index.php\/equipo\/","title":{"rendered":"Equipo"},"content":{"rendered":"\n<p class=\"has-medium-font-size\">Santiago Garc\u00eda<\/p>\n\n\n\n<hr class=\"wp-block-separator has-alpha-channel-opacity\"\/>\n\n\n\n<div class=\"wp-block-columns are-vertically-aligned-top is-layout-flex wp-container-core-columns-is-layout-28f84493 wp-block-columns-is-layout-flex\">\n<div class=\"wp-block-column is-vertically-aligned-top is-layout-flow wp-block-column-is-layout-flow\" style=\"flex-basis:100%\">\n<figure class=\"wp-block-gallery has-nested-images columns-default is-cropped wp-block-gallery-1 is-layout-flex wp-block-gallery-is-layout-flex\">\n<figure class=\"wp-block-image size-large is-resized\"><img loading=\"lazy\" decoding=\"async\" width=\"759\" height=\"1024\" data-id=\"241\" src=\"https:\/\/shop.los2pcs.com\/wp-content\/uploads\/2025\/12\/IMG_20240216_085818-759x1024.jpg\" alt=\"\" class=\"wp-image-241\" style=\"width:252px;height:auto\" srcset=\"https:\/\/shop.los2pcs.com\/wp-content\/uploads\/2025\/12\/IMG_20240216_085818-759x1024.jpg 759w, https:\/\/shop.los2pcs.com\/wp-content\/uploads\/2025\/12\/IMG_20240216_085818-222x300.jpg 222w, https:\/\/shop.los2pcs.com\/wp-content\/uploads\/2025\/12\/IMG_20240216_085818-768x1036.jpg 768w, https:\/\/shop.los2pcs.com\/wp-content\/uploads\/2025\/12\/IMG_20240216_085818-1139x1536.jpg 1139w, https:\/\/shop.los2pcs.com\/wp-content\/uploads\/2025\/12\/IMG_20240216_085818-1518x2048.jpg 1518w, https:\/\/shop.los2pcs.com\/wp-content\/uploads\/2025\/12\/IMG_20240216_085818-600x809.jpg 600w, https:\/\/shop.los2pcs.com\/wp-content\/uploads\/2025\/12\/IMG_20240216_085818-scaled.jpg 1898w\" sizes=\"(max-width: 759px) 100vw, 759px\" \/><\/figure>\n\n\n\n<figure class=\"wp-block-image size-large is-resized\"><img loading=\"lazy\" decoding=\"async\" width=\"682\" height=\"1024\" data-id=\"243\" src=\"https:\/\/shop.los2pcs.com\/wp-content\/uploads\/2025\/12\/IMG-20250907-WA0029-682x1024.jpg\" alt=\"\" class=\"wp-image-243\" style=\"width:244px;height:auto\" srcset=\"https:\/\/shop.los2pcs.com\/wp-content\/uploads\/2025\/12\/IMG-20250907-WA0029-682x1024.jpg 682w, https:\/\/shop.los2pcs.com\/wp-content\/uploads\/2025\/12\/IMG-20250907-WA0029-200x300.jpg 200w, https:\/\/shop.los2pcs.com\/wp-content\/uploads\/2025\/12\/IMG-20250907-WA0029-768x1153.jpg 768w, https:\/\/shop.los2pcs.com\/wp-content\/uploads\/2025\/12\/IMG-20250907-WA0029-1023x1536.jpg 1023w, https:\/\/shop.los2pcs.com\/wp-content\/uploads\/2025\/12\/IMG-20250907-WA0029-600x901.jpg 600w, https:\/\/shop.los2pcs.com\/wp-content\/uploads\/2025\/12\/IMG-20250907-WA0029.jpg 1066w\" sizes=\"(max-width: 682px) 100vw, 682px\" \/><\/figure>\n<\/figure>\n<\/div>\n<\/div>\n\n\n\n<p><\/p>\n\n\n\n<p><\/p>\n\n\n\n<h3 class=\"wp-block-heading has-large-font-size\">Sobre m\u00ed<\/h3>\n\n\n\n<p>Soy <strong>ciclista por pasi\u00f3n desde hace m\u00e1s de 25 a\u00f1os<\/strong> y <strong>profesional de la inform\u00e1tica por vocaci\u00f3n<\/strong>. El ciclismo ha marcado gran parte de mi vida: desde mis inicios como aficionado hasta una etapa en la que fui <strong>ciclista profesional de MTB<\/strong>, llegando a <strong>participar en pruebas de la Copa del Mundo de mountain bike<\/strong>. Aquella experiencia me inculc\u00f3 valores que a\u00fan hoy aplico en mi d\u00eda a d\u00eda: disciplina, constancia, esfuerzo y atenci\u00f3n al detalle.<\/p>\n\n\n\n<p>Con el paso del tiempo dej\u00e9 la competici\u00f3n profesional, pero nunca el deporte. Hoy sigo siendo <strong>ciclista aficionado<\/strong>, disfrutando de entrenamientos, salidas y nuevos retos personales, siempre con la mentalidad de mejorar y cuidar cada aspecto, desde la preparaci\u00f3n hasta el material.<\/p>\n\n\n\n<p>Paralelamente, cuento con <strong>m\u00e1s de 20 a\u00f1os de experiencia en inform\u00e1tica adquirida de forma autodidacta<\/strong>. A lo largo de este tiempo he trabajado y aprendido de manera continua en sistemas, servidores e infraestructuras tecnol\u00f3gicas, desarrollando una visi\u00f3n pr\u00e1ctica, resolutiva y orientada a la mejora constante. La curiosidad, el aprendizaje continuo y la capacidad de adaptaci\u00f3n han sido siempre la base de mi evoluci\u00f3n profesional.<\/p>\n\n\n\n<p>Esta tienda online nace de la uni\u00f3n de estas dos trayectorias:<br>\ud83d\udc49 <strong>la experiencia real en el ciclismo<\/strong>, tanto competitivo como amateur<br>\ud83d\udc49 <strong>el conocimiento tecnol\u00f3gico<\/strong>, aplicado a una plataforma moderna, estable y funcional<\/p>\n\n\n\n<p>Aqu\u00ed no solo encontrar\u00e1s productos de ciclismo, sino el reflejo de alguien que conoce este deporte desde dentro y que aplica los mismos criterios de exigencia, calidad y mejora continua tanto sobre la bicicleta como en el \u00e1mbito digital.<\/p>\n","protected":false},"excerpt":{"rendered":"<p>Santiago Garc\u00eda Sobre m\u00ed Soy ciclista por pasi\u00f3n desde hace m\u00e1s de 25 a\u00f1os y profesional de la inform\u00e1tica por vocaci\u00f3n. El ciclismo ha marcado gran parte de mi vida: desde mis inicios como aficionado hasta una etapa en la que fui ciclista profesional de MTB, llegando a participar en pruebas de la Copa del [&hellip;]<\/p>\n","protected":false},"author":1,"featured_media":0,"parent":0,"menu_order":0,"comment_status":"closed","ping_status":"closed","template":"","meta":{"saved_in_kubio":false,"footnotes":""},"class_list":["post-239","page","type-page","status-publish","hentry"],"kubio_ai_page_context":{"short_desc":"","purpose":"general"},"jetpack_sharing_enabled":true,"_links":{"self":[{"href":"https:\/\/shop.los2pcs.com\/index.php\/wp-json\/wp\/v2\/pages\/239","targetHints":{"allow":["GET"]}}],"collection":[{"href":"https:\/\/shop.los2pcs.com\/index.php\/wp-json\/wp\/v2\/pages"}],"about":[{"href":"https:\/\/shop.los2pcs.com\/index.php\/wp-json\/wp\/v2\/types\/page"}],"author":[{"embeddable":true,"href":"https:\/\/shop.los2pcs.com\/index.php\/wp-json\/wp\/v2\/users\/1"}],"replies":[{"embeddable":true,"href":"https:\/\/shop.los2pcs.com\/index.php\/wp-json\/wp\/v2\/comments?post=239"}],"version-history":[{"count":5,"href":"https:\/\/shop.los2pcs.com\/index.php\/wp-json\/wp\/v2\/pages\/239\/revisions"}],"predecessor-version":[{"id":247,"href":"https:\/\/shop.los2pcs.com\/index.php\/wp-json\/wp\/v2\/pages\/239\/revisions\/247"}],"wp:attachment":[{"href":"https:\/\/shop.los2pcs.com\/index.php\/wp-json\/wp\/v2\/media?parent=239"}],"curies":[{"name":"wp","href":"https:\/\/api.w.org\/{rel}","templated":true}]}}