{"id":171,"date":"2025-12-20T22:28:17","date_gmt":"2025-12-20T22:28:17","guid":{"rendered":"https:\/\/shop.los2pcs.com\/?post_type=product&#038;p=171"},"modified":"2025-12-20T23:05:05","modified_gmt":"2025-12-20T23:05:05","slug":"garmin-1050","status":"publish","type":"product","link":"https:\/\/shop.los2pcs.com\/index.php\/product\/garmin-1050\/","title":{"rendered":"Garmin 1050"},"content":{"rendered":"<div data-subtree=\"aimfl\" data-complete=\"true\" data-processed=\"true\">El <strong class=\"Yjhzub\" data-complete=\"true\" data-processed=\"true\">Garmin Edge 1050<\/strong> es un <mark class=\"HxTRcb\" data-complete=\"true\" data-sae=\"\">ciclocomputador GPS <em class=\"eujQNb\" data-complete=\"true\">premium<\/em> de alta gama<\/mark>, lanzado en junio de 2024, que destaca por su <strong class=\"Yjhzub\" data-complete=\"true\" data-processed=\"true\">pantalla t\u00e1ctil a color de alta resoluci\u00f3n<\/strong> y funciones avanzadas de conectividad y entrenamiento.<span class=\"uJ19be notranslate\" data-wiz-uids=\"dBAXmb_g,dBAXmb_h,dBAXmb_i\" data-complete=\"true\" data-processed=\"true\"><span class=\"vKEkVd\" data-animation-atomic=\"\" data-wiz-attrbind=\"class=dBAXmb_g\/TKHnVd;\" data-sae=\"\">\u00a0<\/span><\/span><\/div>\n<div class=\"Y3BBE\" data-sfc-cp=\"\" data-hveid=\"CAIQAA\" data-processed=\"true\" data-complete=\"true\"><\/div>\n<div class=\"Fsg96\" data-sfc-cp=\"\" data-complete=\"true\" data-processed=\"true\"><\/div>\n<div class=\"otQkpb\" role=\"heading\" aria-level=\"3\" data-animation-nesting=\"\" data-sfc-cp=\"\" data-processed=\"true\" data-sae=\"\" data-complete=\"true\">Caracter\u00edsticas Principales<\/div>\n<div class=\"otQkpb\" role=\"heading\" aria-level=\"3\" data-animation-nesting=\"\" data-sfc-cp=\"\" data-processed=\"true\" data-sae=\"\" data-complete=\"true\"><\/div>\n<div class=\"Y3BBE\" data-sfc-cp=\"\" data-hveid=\"CAQQAA\" data-processed=\"true\" data-complete=\"true\">El Garmin Edge 1050 es el dispositivo tope de gama de la marca, dise\u00f1ado para ciclistas que buscan un rendimiento y una experiencia de usuario de primer nivel.<span class=\"uJ19be notranslate\" data-wiz-uids=\"dBAXmb_r,dBAXmb_s,dBAXmb_t\" data-complete=\"true\" data-processed=\"true\"><span class=\"vKEkVd\" data-animation-atomic=\"\" data-wiz-attrbind=\"class=dBAXmb_r\/TKHnVd;\" data-sae=\"\">\u00a0<\/span><\/span><\/div>\n<div class=\"Y3BBE\" data-sfc-cp=\"\" data-hveid=\"CAQQAA\" data-processed=\"true\" data-complete=\"true\"><\/div>\n<ul class=\"KsbFXc U6u95\" data-complete=\"true\" data-processed=\"true\">\n<li data-hveid=\"CAUQAA\" data-complete=\"true\" data-sae=\"\"><span class=\"T286Pc\" data-sfc-cp=\"\" data-complete=\"true\"><strong class=\"Yjhzub\" data-complete=\"true\">Pantalla:<\/strong> Cuenta con una pantalla t\u00e1ctil LCD a color de <strong class=\"Yjhzub\" data-complete=\"true\">3,5 pulgadas<\/strong> con una resoluci\u00f3n de 480 x 800 p\u00edxeles, que es m\u00e1s brillante y n\u00edtida que los modelos anteriores, similar a la de un <em class=\"eujQNb\" data-complete=\"true\">smartphone<\/em> moderno.<\/span><\/li>\n<li data-hveid=\"CAUQAQ\" data-complete=\"true\" data-sae=\"\"><span class=\"T286Pc\" data-sfc-cp=\"\" data-complete=\"true\"><strong class=\"Yjhzub\" data-complete=\"true\">Conectividad:<\/strong> Ofrece conectividad completa mediante <strong class=\"Yjhzub\" data-complete=\"true\">Bluetooth<\/strong>, <strong class=\"Yjhzub\" data-complete=\"true\">ANT+<\/strong> y <strong class=\"Yjhzub\" data-complete=\"true\">Wi-Fi<\/strong>, lo que permite una integraci\u00f3n perfecta con sensores, rodillos de entrenamiento, eBikes y la aplicaci\u00f3n Garmin Connect.<\/span><\/li>\n<li data-hveid=\"CAUQAg\" data-complete=\"true\" data-sae=\"\"><span class=\"T286Pc\" data-sfc-cp=\"\" data-complete=\"true\"><strong class=\"Yjhzub\" data-complete=\"true\">Navegaci\u00f3n:<\/strong> Incluye mapas precargados espec\u00edficos para ciclismo (carretera, monta\u00f1a, gravel) con rutas populares Trendline\u2122, indicaciones giro a giro y la funci\u00f3n ClimbPro mejorada para gestionar las subidas.<\/span><\/li>\n<li data-hveid=\"CAUQAw\" data-complete=\"true\" data-sae=\"\"><span class=\"T286Pc\" data-sfc-cp=\"\" data-complete=\"true\"><strong class=\"Yjhzub\" data-complete=\"true\">Funciones Inteligentes:<\/strong> Incorpora un <strong class=\"Yjhzub\" data-complete=\"true\">altavoz integrado<\/strong> para indicaciones de voz y un timbre de bicicleta, adem\u00e1s de <strong class=\"Yjhzub\" data-complete=\"true\">Garmin Pay\u2122<\/strong> para pagos contactless.<\/span><\/li>\n<li data-hveid=\"CAUQBA\" data-complete=\"true\" data-sae=\"\"><span class=\"T286Pc\" data-sfc-cp=\"\" data-complete=\"true\"><strong class=\"Yjhzub\" data-complete=\"true\">Seguridad:<\/strong> Dispone de funciones como la detecci\u00f3n de incidentes, alertas de peligros en carretera notificadas por la comunidad y compatibilidad con dispositivos Varia\u2122 (radar y luces).<\/span><\/li>\n<li data-hveid=\"CAUQBQ\" data-complete=\"true\" data-sae=\"\"><span class=\"T286Pc\" data-sfc-cp=\"\" data-complete=\"true\"><strong class=\"Yjhzub\" data-complete=\"true\">Autonom\u00eda de la Bater\u00eda:<\/strong> Proporciona hasta <strong class=\"Yjhzub\" data-complete=\"true\">20 horas<\/strong> de duraci\u00f3n en uso intensivo con GPS y hasta <strong class=\"Yjhzub\" data-complete=\"true\">60 horas<\/strong> en modo ahorro de bater\u00eda.<\/span><span class=\"uJ19be notranslate\" data-wiz-uids=\"dBAXmb_1o,dBAXmb_1p,dBAXmb_1q\" data-complete=\"true\"><span class=\"vKEkVd\" data-animation-atomic=\"\" data-wiz-attrbind=\"class=dBAXmb_1o\/TKHnVd;\" data-sae=\"\">\u00a0<\/span><\/span><\/li>\n<\/ul>\n<ul class=\"KsbFXc U6u95\" data-complete=\"true\" data-processed=\"true\">\n<li data-hveid=\"CAUQBQ\" data-complete=\"true\" data-sae=\"\"><\/li>\n<\/ul>\n<div class=\"Fsg96\" data-sfc-cp=\"\" data-complete=\"true\" data-processed=\"true\"><\/div>\n<div class=\"otQkpb\" role=\"heading\" aria-level=\"3\" data-animation-nesting=\"\" data-sfc-cp=\"\" data-processed=\"true\" data-sae=\"\" data-complete=\"true\">Rese\u00f1as y Opiniones de Expertos<\/div>\n<div class=\"otQkpb\" role=\"heading\" aria-level=\"3\" data-animation-nesting=\"\" data-sfc-cp=\"\" data-processed=\"true\" data-sae=\"\" data-complete=\"true\"><\/div>\n<div class=\"Y3BBE\" data-sfc-cp=\"\" data-hveid=\"CAcQAA\" data-processed=\"true\" data-complete=\"true\">Los usuarios y expertos valoran positivamente la excelente calidad de la pantalla y la interfaz de usuario intuitiva del Edge 1050, aunque se\u00f1alan un ligero aumento de peso y una menor duraci\u00f3n de la bater\u00eda en comparaci\u00f3n con el modelo 1040 Solar.<span class=\"uJ19be notranslate\" data-wiz-uids=\"dBAXmb_22,dBAXmb_23,dBAXmb_24\" data-complete=\"true\" data-processed=\"true\"><span class=\"vKEkVd\" data-animation-atomic=\"\" data-wiz-attrbind=\"class=dBAXmb_22\/TKHnVd;\" data-sae=\"\">\u00a0<\/span><\/span><\/div>\n<div class=\"Y3BBE\" data-sfc-cp=\"\" data-hveid=\"CAcQAA\" data-processed=\"true\" data-complete=\"true\"><\/div>\n<ul class=\"KsbFXc U6u95\" data-complete=\"true\" data-processed=\"true\">\n<li data-hveid=\"CAkQAA\" data-complete=\"true\" data-sae=\"\"><span class=\"T286Pc\" data-sfc-cp=\"\" data-complete=\"true\"><strong class=\"Yjhzub\" data-complete=\"true\">Puntos Fuertes:<\/strong><\/span>\n<ul class=\"KsbFXc U6u95\" data-complete=\"true\">\n<li data-hveid=\"CAkQAQ\" data-complete=\"true\" data-sae=\"\"><span class=\"T286Pc\" data-sfc-cp=\"\" data-complete=\"true\">La <strong class=\"Yjhzub\" data-complete=\"true\">pantalla brillante y de alta resoluci\u00f3n<\/strong> es f\u00e1cil de leer bajo la luz solar directa y ofrece una visualizaci\u00f3n de mapas excepcional.<\/span><\/li>\n<li data-hveid=\"CAkQAg\" data-complete=\"true\" data-sae=\"\"><span class=\"T286Pc\" data-sfc-cp=\"\" data-complete=\"true\">El <strong class=\"Yjhzub\" data-complete=\"true\">altavoz integrado<\/strong> es una novedad \u00fatil para las indicaciones y como timbre de bicicleta, recibiendo buenas cr\u00edticas.<\/span><\/li>\n<li data-hveid=\"CAkQAw\" data-complete=\"true\" data-sae=\"\"><span class=\"T286Pc\" data-sfc-cp=\"\" data-complete=\"true\">Las funciones de entrenamiento y navegaci\u00f3n son muy completas, incluyendo la creaci\u00f3n de rutas directamente en el dispositivo y m\u00e9tricas avanzadas de MTB.<\/span><\/li>\n<\/ul>\n<\/li>\n<li data-hveid=\"CAkQBA\" data-complete=\"true\" data-sae=\"\"><span class=\"T286Pc\" data-sfc-cp=\"\" data-complete=\"true\"><strong class=\"Yjhzub\" data-complete=\"true\">Puntos D\u00e9biles:<\/strong><\/span>\n<ul class=\"KsbFXc U6u95\" data-complete=\"true\">\n<li data-hveid=\"CAkQBQ\" data-complete=\"true\" data-sae=\"\"><span class=\"T286Pc\" data-sfc-cp=\"\" data-complete=\"true\">La duraci\u00f3n de la bater\u00eda es menor que la del Garmin Edge 1040 Solar debido al mayor consumo de la pantalla LCD, lo que puede ser un inconveniente para rutas de varios d\u00edas o bikepacking extremo.<\/span><\/li>\n<li data-hveid=\"CAkQBg\" data-complete=\"true\" data-sae=\"\"><span class=\"T286Pc\" data-sfc-cp=\"\" data-complete=\"true\">Algunos usuarios echan de menos la inclusi\u00f3n de botones f\u00edsicos adicionales, presentes en modelos como el 840, para un manejo m\u00e1s sencillo en condiciones de lluvia o con guantes.<\/span><\/li>\n<li data-hveid=\"CAkQBw\" data-complete=\"true\" data-sae=\"\"><span class=\"T286Pc\" data-sfc-cp=\"\" data-complete=\"true\">Su precio es elevado, siendo el GPS tope de gama de la marca.<\/span><span class=\"uJ19be notranslate\" data-wiz-uids=\"dBAXmb_41,dBAXmb_42,dBAXmb_43\" data-complete=\"true\"><span class=\"vKEkVd\" data-animation-atomic=\"\" data-wiz-attrbind=\"class=dBAXmb_41\/TKHnVd;\" data-sae=\"\">\u00a0<\/span><\/span><\/li>\n<\/ul>\n<\/li>\n<\/ul>\n","protected":false},"excerpt":{"rendered":"<p>El Garmin Edge 1050 es un ciclocomputador GPS premium de alta gama, lanzado en junio de 2024, que destaca por su pantalla t\u00e1ctil a color de alta resoluci\u00f3n y funciones avanzadas de conectividad y entrenamiento.\u00a0 Caracter\u00edsticas Principales El Garmin Edge 1050 es el dispositivo tope de gama de la marca, dise\u00f1ado para ciclistas que buscan [&hellip;]<\/p>\n","protected":false},"featured_media":172,"comment_status":"open","ping_status":"closed","template":"","meta":{"saved_in_kubio":false},"product_brand":[],"product_cat":[17],"product_tag":[],"class_list":{"0":"post-171","1":"product","2":"type-product","3":"status-publish","4":"has-post-thumbnail","6":"product_cat-tecnologia","8":"first","9":"outofstock","10":"sale","11":"shipping-taxable","12":"purchasable","13":"product-type-simple"},"jetpack_sharing_enabled":true,"_links":{"self":[{"href":"https:\/\/shop.los2pcs.com\/index.php\/wp-json\/wp\/v2\/product\/171","targetHints":{"allow":["GET"]}}],"collection":[{"href":"https:\/\/shop.los2pcs.com\/index.php\/wp-json\/wp\/v2\/product"}],"about":[{"href":"https:\/\/shop.los2pcs.com\/index.php\/wp-json\/wp\/v2\/types\/product"}],"replies":[{"embeddable":true,"href":"https:\/\/shop.los2pcs.com\/index.php\/wp-json\/wp\/v2\/comments?post=171"}],"wp:featuredmedia":[{"embeddable":true,"href":"https:\/\/shop.los2pcs.com\/index.php\/wp-json\/wp\/v2\/media\/172"}],"wp:attachment":[{"href":"https:\/\/shop.los2pcs.com\/index.php\/wp-json\/wp\/v2\/media?parent=171"}],"wp:term":[{"taxonomy":"product_brand","embeddable":true,"href":"https:\/\/shop.los2pcs.com\/index.php\/wp-json\/wp\/v2\/product_brand?post=171"},{"taxonomy":"product_cat","embeddable":true,"href":"https:\/\/shop.los2pcs.com\/index.php\/wp-json\/wp\/v2\/product_cat?post=171"},{"taxonomy":"product_tag","embeddable":true,"href":"https:\/\/shop.los2pcs.com\/index.php\/wp-json\/wp\/v2\/product_tag?post=171"}],"curies":[{"name":"wp","href":"https:\/\/api.w.org\/{rel}","templated":true}]}}