{"id":84,"date":"2025-12-17T21:03:07","date_gmt":"2025-12-17T21:03:07","guid":{"rendered":"https:\/\/shop.los2pcs.com\/?post_type=product&#038;p=84"},"modified":"2025-12-20T23:02:54","modified_gmt":"2025-12-20T23:02:54","slug":"gopro-mini-11-blak","status":"publish","type":"product","link":"https:\/\/shop.los2pcs.com\/index.php\/product\/gopro-mini-11-blak\/","title":{"rendered":"GoPro Mini 11 Blak"},"content":{"rendered":"<div data-subtree=\"aimfl\" data-complete=\"true\" data-processed=\"true\">La <strong class=\"Yjhzub\" data-complete=\"true\" data-processed=\"true\">GoPro HERO11 Black Mini<\/strong> es una <mark class=\"HxTRcb\" data-complete=\"true\" data-sae=\"\">c\u00e1mara de acci\u00f3n <strong class=\"Yjhzub\" data-complete=\"true\">compacta y ligera<\/strong><\/mark> que ofrece la misma calidad de v\u00eddeo que la HERO11 Black, pero sin pantallas LCD para un funcionamiento m\u00e1s sencillo y una mayor versatilidad de montaje. Su dise\u00f1o robusto y su bater\u00eda integrada la hacen ideal para deportes y actividades donde la discreci\u00f3n y la durabilidad son clave.<span class=\"uJ19be notranslate\" data-wiz-uids=\"IxYN5c_f,IxYN5c_g,IxYN5c_h\" data-complete=\"true\" data-processed=\"true\"><span class=\"vKEkVd\" data-animation-atomic=\"\" data-wiz-attrbind=\"class=IxYN5c_f\/TKHnVd;\" data-sae=\"\">\u00a0<\/span><\/span><\/div>\n<div class=\"Y3BBE\" data-sfc-cp=\"\" data-hveid=\"CAIQAA\" data-complete=\"true\" data-processed=\"true\"><\/div>\n<div class=\"Fsg96\" data-sfc-cp=\"\" data-complete=\"true\" data-processed=\"true\"><\/div>\n<div class=\"otQkpb\" role=\"heading\" aria-level=\"3\" data-animation-nesting=\"\" data-sfc-cp=\"\" data-processed=\"true\" data-sae=\"\" data-complete=\"true\">Caracter\u00edsticas Principales<\/div>\n<div class=\"otQkpb\" role=\"heading\" aria-level=\"3\" data-animation-nesting=\"\" data-sfc-cp=\"\" data-processed=\"true\" data-sae=\"\" data-complete=\"true\"><\/div>\n<div class=\"Y3BBE\" data-sfc-cp=\"\" data-hveid=\"CAQQAA\" data-processed=\"true\" data-complete=\"true\">La HERO11 Black Mini comparte el mismo potente sensor de imagen y procesador GP2 que su hermana mayor, la HERO11 Black, lo que garantiza una calidad de imagen excepcional.<span class=\"uJ19be notranslate\" data-wiz-uids=\"IxYN5c_r,IxYN5c_s,IxYN5c_t\" data-processed=\"true\" data-complete=\"true\"><span class=\"vKEkVd\" data-animation-atomic=\"\" data-wiz-attrbind=\"class=IxYN5c_r\/TKHnVd;\" data-sae=\"\">\u00a0<\/span><\/span><\/div>\n<div class=\"Y3BBE\" data-sfc-cp=\"\" data-hveid=\"CAQQAA\" data-processed=\"true\" data-complete=\"true\"><\/div>\n<ul class=\"KsbFXc U6u95\" data-processed=\"true\" data-complete=\"true\">\n<li data-hveid=\"CAUQAA\" data-complete=\"true\" data-sae=\"\"><span class=\"T286Pc\" data-sfc-cp=\"\" data-complete=\"true\"><strong class=\"Yjhzub\" data-complete=\"true\">Calidad de V\u00eddeo<\/strong>: Captura v\u00eddeo cinematogr\u00e1fico en <strong class=\"Yjhzub\" data-complete=\"true\">5.3K a 60 fps<\/strong> y 2.7K a 240 fps para c\u00e1mara lenta 8x. Admite una profundidad de color de 10 bits para un mayor realismo en tus grabaciones.<\/span><\/li>\n<li data-hveid=\"CAUQAQ\" data-sae=\"\" data-complete=\"true\"><span class=\"T286Pc\" data-sfc-cp=\"\" data-complete=\"true\"><strong class=\"Yjhzub\" data-complete=\"true\">Sensor de Imagen<\/strong>: Cuenta con un sensor de 1\/1.9&#8243; que permite una vers\u00e1til relaci\u00f3n de aspecto de <strong class=\"Yjhzub\" data-complete=\"true\">8:7<\/strong>, facilitando el recorte a formatos 16:9 o vertical 9:16 para redes sociales a trav\u00e9s de la aplicaci\u00f3n Quik.<\/span><\/li>\n<li data-hveid=\"CAUQAg\" data-complete=\"true\" data-processed=\"true\" data-sae=\"\"><span class=\"T286Pc\" data-sfc-cp=\"\" data-complete=\"true\"><strong class=\"Yjhzub\" data-complete=\"true\">Estabilizaci\u00f3n<\/strong>: Incorpora la galardonada estabilizaci\u00f3n de v\u00eddeo <strong class=\"Yjhzub\" data-complete=\"true\">HyperSmooth 5.0<\/strong> con Bloqueo del horizonte integrado, asegurando tomas incre\u00edblemente fluidas incluso en las condiciones m\u00e1s movidas.<\/span><\/li>\n<li data-hveid=\"CAUQAw\" data-complete=\"true\" data-processed=\"true\" data-sae=\"\"><span class=\"T286Pc\" data-sfc-cp=\"\" data-complete=\"true\"><strong class=\"Yjhzub\" data-complete=\"true\">Dise\u00f1o y Montaje<\/strong>: Es m\u00e1s peque\u00f1a y ligera (133 g) que la HERO11 Black y presenta <strong class=\"Yjhzub\" data-complete=\"true\">dos juegos de adaptadores de montaje<\/strong> plegables (uno inferior y otro trasero) para una mayor flexibilidad de instalaci\u00f3n en cascos, pecho u otros equipos.<\/span><\/li>\n<li data-hveid=\"CAUQBA\" data-complete=\"true\" data-processed=\"true\" data-sae=\"\"><span class=\"T286Pc\" data-sfc-cp=\"\" data-complete=\"true\"><strong class=\"Yjhzub\" data-complete=\"true\">Bater\u00eda Integrada<\/strong>: Utiliza una bater\u00eda Enduro integrada no extra\u00edble con una capacidad de 1500 mAh que mejora el rendimiento en temperaturas fr\u00edas.<\/span><span class=\"uJ19be notranslate\" data-wiz-uids=\"IxYN5c_1g,IxYN5c_1h,IxYN5c_1i\" data-complete=\"true\"><span class=\"vKEkVd\" data-animation-atomic=\"\" data-wiz-attrbind=\"class=IxYN5c_1g\/TKHnVd;\" data-sae=\"\">\u00a0<\/span><\/span><\/li>\n<\/ul>\n<ul class=\"KsbFXc U6u95\" data-processed=\"true\" data-complete=\"true\">\n<li data-hveid=\"CAUQBA\" data-complete=\"true\" data-processed=\"true\" data-sae=\"\"><\/li>\n<\/ul>\n<div class=\"Fsg96\" data-sfc-cp=\"\" data-processed=\"true\" data-complete=\"true\"><\/div>\n<div class=\"otQkpb\" role=\"heading\" aria-level=\"3\" data-animation-nesting=\"\" data-sfc-cp=\"\" data-processed=\"true\" data-sae=\"\" data-complete=\"true\">Diferencias Clave con la HERO11 Black<\/div>\n<div class=\"otQkpb\" role=\"heading\" aria-level=\"3\" data-animation-nesting=\"\" data-sfc-cp=\"\" data-processed=\"true\" data-sae=\"\" data-complete=\"true\"><\/div>\n<div class=\"Y3BBE\" data-sfc-cp=\"\" data-hveid=\"CAcQAA\" data-processed=\"true\" data-complete=\"true\">La principal distinci\u00f3n radica en la ausencia de pantallas y la gesti\u00f3n de la bater\u00eda.<span class=\"uJ19be notranslate\" data-wiz-uids=\"IxYN5c_1u,IxYN5c_1v,IxYN5c_1w\" data-processed=\"true\" data-complete=\"true\"><span class=\"vKEkVd\" data-animation-atomic=\"\" data-wiz-attrbind=\"class=IxYN5c_1u\/TKHnVd;\" data-sae=\"\">\u00a0<\/span><\/span><\/div>\n<div class=\"Y3BBE\" data-sfc-cp=\"\" data-hveid=\"CAcQAA\" data-processed=\"true\" data-complete=\"true\"><\/div>\n<div class=\"Fsg96\" data-sfc-cp=\"\" data-processed=\"true\" data-complete=\"true\"><\/div>\n<div class=\"Fv6NCb\" data-sfc-cp=\"\" data-wiz-uids=\"IxYN5c_1y\" data-ved=\"2ahUKEwjtxO39ns2RAxUkh_0HHVv6JpIQ-q4QegQICBAA\" data-complete=\"true\" data-processed=\"true\">\n<table class=\"NRefec\" data-animation-nesting=\"\" data-complete=\"true\" data-sae=\"\">\n<tbody data-complete=\"true\">\n<tr class=\"cZCYO\" data-sfc-cp=\"\" data-complete=\"true\">\n<th class=\"iry6k\" colspan=\"undefined\" data-sfc-cp=\"\" data-complete=\"true\">Caracter\u00edstica<span class=\"uJ19be notranslate\" data-wiz-uids=\"IxYN5c_21,IxYN5c_22,IxYN5c_23\" data-complete=\"true\"><span class=\"vKEkVd\" data-animation-atomic=\"\" data-wiz-attrbind=\"class=IxYN5c_21\/TKHnVd;\" data-sae=\"\">\u00a0<\/span><\/span><\/th>\n<\/tr>\n<\/tbody>\n<\/table>\n<\/div>\n<table class=\"NRefec\" data-animation-nesting=\"\" data-complete=\"true\" data-sae=\"\">\n<tbody data-complete=\"true\">\n<tr class=\"cZCYO\" data-sfc-cp=\"\" data-complete=\"true\">\n<th class=\"iry6k\" colspan=\"undefined\" data-sfc-cp=\"\" data-complete=\"true\"><\/th>\n<th class=\"iry6k\" colspan=\"undefined\" data-sfc-cp=\"\" data-complete=\"true\">GoPro HERO11 Black Mini<\/th>\n<th class=\"iry6k\" colspan=\"undefined\" data-sfc-cp=\"\" data-complete=\"true\">GoPro HERO11 Black<\/th>\n<\/tr>\n<tr class=\"cZCYO\" data-sfc-cp=\"\" data-complete=\"true\">\n<td class=\"cOeeGf\" colspan=\"undefined\" data-sfc-cp=\"\" data-complete=\"true\"><strong class=\"Yjhzub\" data-complete=\"true\">Pantallas<\/strong><\/td>\n<td class=\"cOeeGf\" colspan=\"undefined\" data-sfc-cp=\"\" data-complete=\"true\">Solo una peque\u00f1a pantalla de estado superior.<\/td>\n<td class=\"cOeeGf\" colspan=\"undefined\" data-sfc-cp=\"\" data-complete=\"true\">Pantalla t\u00e1ctil trasera grande y pantalla frontal a color.<\/td>\n<\/tr>\n<tr class=\"cZCYO\" data-sfc-cp=\"\" data-complete=\"true\">\n<td class=\"cOeeGf\" colspan=\"undefined\" data-sfc-cp=\"\" data-complete=\"true\"><strong class=\"Yjhzub\" data-complete=\"true\">Fotograf\u00edas<\/strong><\/td>\n<td class=\"cOeeGf\" colspan=\"undefined\" data-sfc-cp=\"\" data-complete=\"true\">Solo captura v\u00eddeo; las fotos (24.7MP) se extraen de los v\u00eddeos.<\/td>\n<td class=\"cOeeGf\" colspan=\"undefined\" data-sfc-cp=\"\" data-complete=\"true\">Captura fotos directamente de 27 MP.<\/td>\n<\/tr>\n<tr class=\"cZCYO\" data-sfc-cp=\"\" data-complete=\"true\">\n<td class=\"cOeeGf\" colspan=\"undefined\" data-sfc-cp=\"\" data-complete=\"true\"><strong class=\"Yjhzub\" data-complete=\"true\">Bater\u00eda<\/strong><\/td>\n<td class=\"cOeeGf\" colspan=\"undefined\" data-sfc-cp=\"\" data-complete=\"true\">Integrada (1500 mAh), no extra\u00edble.<\/td>\n<td class=\"cOeeGf\" colspan=\"undefined\" data-sfc-cp=\"\" data-complete=\"true\">Extra\u00edble y reemplazable (1720 mAh).<\/td>\n<\/tr>\n<tr class=\"cZCYO\" data-sfc-cp=\"\" data-complete=\"true\">\n<td class=\"cOeeGf\" colspan=\"undefined\" data-sfc-cp=\"\" data-complete=\"true\"><strong class=\"Yjhzub\" data-complete=\"true\">Control<\/strong><\/td>\n<td class=\"cOeeGf\" colspan=\"undefined\" data-sfc-cp=\"\" data-complete=\"true\">Principalmente mediante un solo bot\u00f3n o la aplicaci\u00f3n Quik.<\/td>\n<td class=\"cOeeGf\" colspan=\"undefined\" data-sfc-cp=\"\" data-complete=\"true\">Mediante pantallas t\u00e1ctiles o la aplicaci\u00f3n Quik.<\/td>\n<\/tr>\n<tr class=\"cZCYO\" data-sfc-cp=\"\" data-complete=\"true\">\n<td class=\"cOeeGf\" colspan=\"undefined\" data-sfc-cp=\"\" data-complete=\"true\"><strong class=\"Yjhzub\" data-complete=\"true\">GPS<\/strong><\/td>\n<td class=\"cOeeGf\" colspan=\"undefined\" data-sfc-cp=\"\" data-complete=\"true\">No incluye GPS.<\/td>\n<td class=\"cOeeGf\" colspan=\"undefined\" data-sfc-cp=\"\" data-complete=\"true\">Incluye GPS.<\/td>\n<\/tr>\n<\/tbody>\n<\/table>\n","protected":false},"excerpt":{"rendered":"<p>https:\/\/www.youtube.com\/watch?v=xhrAGJviQJA<\/p>\n","protected":false},"featured_media":85,"comment_status":"open","ping_status":"closed","template":"","meta":{"saved_in_kubio":false},"product_brand":[],"product_cat":[17],"product_tag":[],"class_list":{"0":"post-84","1":"product","2":"type-product","3":"status-publish","4":"has-post-thumbnail","6":"product_cat-tecnologia","8":"first","9":"instock","10":"sale","11":"shipping-taxable","12":"purchasable","13":"product-type-simple"},"jetpack_sharing_enabled":true,"_links":{"self":[{"href":"https:\/\/shop.los2pcs.com\/index.php\/wp-json\/wp\/v2\/product\/84","targetHints":{"allow":["GET"]}}],"collection":[{"href":"https:\/\/shop.los2pcs.com\/index.php\/wp-json\/wp\/v2\/product"}],"about":[{"href":"https:\/\/shop.los2pcs.com\/index.php\/wp-json\/wp\/v2\/types\/product"}],"replies":[{"embeddable":true,"href":"https:\/\/shop.los2pcs.com\/index.php\/wp-json\/wp\/v2\/comments?post=84"}],"wp:featuredmedia":[{"embeddable":true,"href":"https:\/\/shop.los2pcs.com\/index.php\/wp-json\/wp\/v2\/media\/85"}],"wp:attachment":[{"href":"https:\/\/shop.los2pcs.com\/index.php\/wp-json\/wp\/v2\/media?parent=84"}],"wp:term":[{"taxonomy":"product_brand","embeddable":true,"href":"https:\/\/shop.los2pcs.com\/index.php\/wp-json\/wp\/v2\/product_brand?post=84"},{"taxonomy":"product_cat","embeddable":true,"href":"https:\/\/shop.los2pcs.com\/index.php\/wp-json\/wp\/v2\/product_cat?post=84"},{"taxonomy":"product_tag","embeddable":true,"href":"https:\/\/shop.los2pcs.com\/index.php\/wp-json\/wp\/v2\/product_tag?post=84"}],"curies":[{"name":"wp","href":"https:\/\/api.w.org\/{rel}","templated":true}]}}